{"id":4496,"date":"2021-07-24T15:58:01","date_gmt":"2021-07-24T15:58:01","guid":{"rendered":"https:\/\/www.neoglis.it\/?page_id=4496"},"modified":"2021-07-24T15:58:01","modified_gmt":"2021-07-24T15:58:01","slug":"resi","status":"publish","type":"page","link":"https:\/\/www.neoglis.it\/en\/resi\/","title":{"rendered":"Resi"},"content":{"rendered":"<div class=\"wpb-content-wrapper\"><p>[vc_row][vc_column][vc_column_text]<\/p>\n<div id=\"content\">\n<div class=\"serviceContent\">\n<div class=\"text\">\n<p>1. Al Consumatore \u00e8 riconosciuto il diritto di recedere dal contratto concluso ai sensi delle\u00a0Condizioni di Vendita, senza alcuna penalit\u00e0, per qualunque motivo e senza dover motivare in alcun modo la propria decisione, entro il termine di 14 (quattordici) giorni decorrenti dal giorno in cui Il Consumatore o un terzo, diverso dal vettore e designato dal Consumatore, acquisisce il possesso fisico dei Prodotti.<\/p>\n<p>2. Ai fini dell\u2019esercizio del diritto di recesso, il Consumatore \u00e8 tenuto, entro il termine di cui al precedente paragrafo, a informare il Venditore della sua decisione di recedere dal contratto tramite una dichiarazione esplicita (lettera inviata per posta elettronica). Allo stesso\u00a0 fine, il Consumatore pu\u00f2 anche compilare e inviare elettronicamente al Venditore il\u00a0modulo di recesso\u00a0presente sul Sito; nel caso scegliesse detta opzione, il Venditore trasmetter\u00e0 senza indugio al Consumatore una conferma di ricevimento del recesso su un supporto durevole (ad esempio per posta elettronica).<\/p>\n<p>3. Qualora i Prodotti non siano stati spediti al Consumatore, il recesso si intender\u00e0 esercitato con la ricezione da parte del Venditore della suddetta comunicazione di recesso.<\/p>\n<p>4. Qualora i Prodotti siano stati spediti al Consumatore, a seguito della ricezione da parte del Venditore della comunicazione di recesso, il Venditore trasmetter\u00e0 al Consumatore via e-mail il codice di reso. Entro i successivi 14 giorni il Consumatore dovr\u00e0 restituire i Prodotti al Venditore, facendoli pervenire o consegnandoli a NEOGLIS SRL, Viale I\u00b0 Maggio, 6 \u2013 63813 \u2013 Monte Urano (FM) Italia, indicando chiaramente il relativo codice di reso.<\/p>\n<p>5. Resta inteso che i rischi e i costi di trasporto relativi alla restituzione dei Prodotti al Venditore saranno a carico del Consumatore.<\/p>\n<p>6. Le spese di spedizione per i resi sono pari a \u20ac 7,00 per tutto il territorio nazionale italiano ad esclusione della regione Sardegna e Sicilia e isole minori dove il costo di reso \u00e8 pari a \u20ac 12,00.<\/p>\n<p>7. Affinch\u00e9 il diritto di recesso sia validamente esercitato, i Prodotti dovranno essere consegnati o in ogni caso fatti pervenire al Venditore, integri: non dovranno essere stati utilizzati, indossati, lavati o danneggiati; il cartellino identificativo dovr\u00e0 essere ancora attaccato ai Prodotti con il sigillo monouso; i Prodotti dovranno essere restituiti nella loro confezione originale, dovranno essere inviati al Venditore in una sola spedizione. I capi ordinati con uno stesso ordine dovranno essere resi allo stesso momento e spediti con unica spedizione. Si consiglia di rivestire l\u2019involucro originale dei Prodotti con altro imballo protettivo che ne conservi l\u2019integrit\u00e0 e lo protegga durante il trasporto anche da scritte o da etichette.\u2028 Il Consumatore sar\u00e0 responsabile della diminuzione del valore dei Prodotti risultante da manipolazioni degli stessi diverse da quelle necessarie per stabilirne la natura, le caratteristiche e il funzionamento.<\/p>\n<p>8. Il Venditore prender\u00e0 in consegna i Prodotti restituiti, riservandosi di verificare che gli stessi siano stati riconsegnati nelle condizioni descritte al precedente par. 1.6.<\/p>\n<p>9. Qualora il diritto di recesso sia stato validamente esercitato dal Consumatore nei termini e secondo le modalit\u00e0 previste, il Venditore rimborser\u00e0 al Consumatore tutti i pagamenti che quest\u2019ultimo ha effettuato, compresi i costi di consegna (ad eccezione dei costi supplementari derivanti dall\u2019eventuale scelta del Consumatore di un tipo di consegna diverso dal tipo meno costoso di consegna standard offerto dal Venditore). Tuttavia, il Venditore potr\u00e0 trattenere tale rimborso finch\u00e9 non abbia ricevuto i Prodotti (e la verifica dei Prodotti restituiti abbia avuto esito positivo) oppure finch\u00e9 il Consumatore non abbia dimostrato di aver spedito i beni, a seconda di quale situazione si verifichi prima. Resteranno in ogni caso a carico del Consumatore le spese di restituzione dei Prodotti al Venditore, compresa la spedizione, gli eventuali dazi o ulteriori tasse.<\/p>\n<p>10. Il rimborso di cui al paragrafo che precede verr\u00e0 effettuato, ove possibile, mediante il medesimo mezzo di pagamento utilizzato dal Consumatore all\u2019atto di acquisto del Prodotto o tramite bonifico bancario a favore del Consumatore; onere del Consumatore sar\u00e0 comunicare al Venditore, tramite e-mail a\u00a0customer@neoglis.it , gli estremi bancari per effettuare il bonifico a proprio favore e per far s\u00ec che il Venditore sia messo nella condizione di poter restituire la somma dovuta. Qualora il pagamento sia avvenuto tramite carta di credito, il suddetto rimborso sar\u00e0 eseguito nei termini indicati direttamente attraverso il riaccredito della somma dovuta sulla carta di credito utilizzata dal Consumatore per il pagamento. Qualora il pagamento sia avvenuto tramite PayPal, il suddetto rimborso sar\u00e0 eseguito nei termini indicati direttamente attraverso il riaccredito della somma dovuta sul conto utilizzato dal Consumatore per il pagamento.<\/p>\n<\/div>\n<\/div>\n<\/div>\n<p>[\/vc_column_text][\/vc_column][\/vc_row]<\/p>\n<\/div>","protected":false},"excerpt":{"rendered":"<p>[vc_row][vc_column][vc_column_text] 1. Al Consumatore \u00e8 riconosciuto il diritto di recedere dal contratto concluso ai sensi delle\u00a0Condizioni di Vendita, senza alcuna penalit\u00e0, per qualunque motivo e senza dover motivare in alcun modo la propria decisione, entro il termine di 14 (quattordici) [&hellip;]<\/p>\n","protected":false},"author":3,"featured_media":0,"parent":0,"menu_order":0,"comment_status":"closed","ping_status":"closed","template":"","meta":{"footnotes":""},"class_list":["post-4496","page","type-page","status-publish","hentry"],"yoast_head":"<!-- This site is optimized with the Yoast SEO plugin v16.9 - https:\/\/yoast.com\/wordpress\/plugins\/seo\/ -->\n<title>Resi - Neoglis<\/title>\n<meta name=\"robots\" content=\"index, follow, max-snippet:-1, max-image-preview:large, max-video-preview:-1\" \/>\n<link rel=\"canonical\" href=\"https:\/\/www.neoglis.it\/en\/resi\/\" \/>\n<meta property=\"og:locale\" content=\"en_US\" \/>\n<meta property=\"og:type\" content=\"article\" \/>\n<meta property=\"og:title\" content=\"Resi - Neoglis\" \/>\n<meta property=\"og:description\" content=\"[vc_row][vc_column][vc_column_text] 1. Al Consumatore \u00e8 riconosciuto il diritto di recedere dal contratto concluso ai sensi delle\u00a0Condizioni di Vendita, senza alcuna penalit\u00e0, per qualunque motivo e senza dover motivare in alcun modo la propria decisione, entro il termine di 14 (quattordici) [&hellip;]\" \/>\n<meta property=\"og:url\" content=\"https:\/\/www.neoglis.it\/en\/resi\/\" \/>\n<meta property=\"og:site_name\" content=\"Neoglis\" \/>\n<meta name=\"twitter:card\" content=\"summary_large_image\" \/>\n<meta name=\"twitter:label1\" content=\"Est. reading time\" \/>\n\t<meta name=\"twitter:data1\" content=\"4 minutes\" \/>\n<script type=\"application\/ld+json\" class=\"yoast-schema-graph\">{\"@context\":\"https:\/\/schema.org\",\"@graph\":[{\"@type\":\"WebSite\",\"@id\":\"https:\/\/www.neoglis.it\/#website\",\"url\":\"https:\/\/www.neoglis.it\/\",\"name\":\"Neoglis New\",\"description\":\"I dermoceutici\",\"potentialAction\":[{\"@type\":\"SearchAction\",\"target\":{\"@type\":\"EntryPoint\",\"urlTemplate\":\"https:\/\/www.neoglis.it\/?s={search_term_string}\"},\"query-input\":\"required name=search_term_string\"}],\"inLanguage\":\"en-US\"},{\"@type\":\"WebPage\",\"@id\":\"https:\/\/www.neoglis.it\/en\/resi\/#webpage\",\"url\":\"https:\/\/www.neoglis.it\/en\/resi\/\",\"name\":\"Resi - Neoglis\",\"isPartOf\":{\"@id\":\"https:\/\/www.neoglis.it\/#website\"},\"datePublished\":\"2021-07-24T15:58:01+00:00\",\"dateModified\":\"2021-07-24T15:58:01+00:00\",\"breadcrumb\":{\"@id\":\"https:\/\/www.neoglis.it\/en\/resi\/#breadcrumb\"},\"inLanguage\":\"en-US\",\"potentialAction\":[{\"@type\":\"ReadAction\",\"target\":[\"https:\/\/www.neoglis.it\/en\/resi\/\"]}]},{\"@type\":\"BreadcrumbList\",\"@id\":\"https:\/\/www.neoglis.it\/en\/resi\/#breadcrumb\",\"itemListElement\":[{\"@type\":\"ListItem\",\"position\":1,\"name\":\"Home\",\"item\":\"https:\/\/www.neoglis.it\/\"},{\"@type\":\"ListItem\",\"position\":2,\"name\":\"Resi\"}]}]}<\/script>\n<!-- \/ Yoast SEO plugin. -->","yoast_head_json":{"title":"Resi - Neoglis","robots":{"index":"index","follow":"follow","max-snippet":"max-snippet:-1","max-image-preview":"max-image-preview:large","max-video-preview":"max-video-preview:-1"},"canonical":"https:\/\/www.neoglis.it\/en\/resi\/","og_locale":"en_US","og_type":"article","og_title":"Resi - Neoglis","og_description":"[vc_row][vc_column][vc_column_text] 1. Al Consumatore \u00e8 riconosciuto il diritto di recedere dal contratto concluso ai sensi delle\u00a0Condizioni di Vendita, senza alcuna penalit\u00e0, per qualunque motivo e senza dover motivare in alcun modo la propria decisione, entro il termine di 14 (quattordici) [&hellip;]","og_url":"https:\/\/www.neoglis.it\/en\/resi\/","og_site_name":"Neoglis","twitter_card":"summary_large_image","twitter_misc":{"Est. reading time":"4 minutes"},"schema":{"@context":"https:\/\/schema.org","@graph":[{"@type":"WebSite","@id":"https:\/\/www.neoglis.it\/#website","url":"https:\/\/www.neoglis.it\/","name":"Neoglis New","description":"I dermoceutici","potentialAction":[{"@type":"SearchAction","target":{"@type":"EntryPoint","urlTemplate":"https:\/\/www.neoglis.it\/?s={search_term_string}"},"query-input":"required name=search_term_string"}],"inLanguage":"en-US"},{"@type":"WebPage","@id":"https:\/\/www.neoglis.it\/en\/resi\/#webpage","url":"https:\/\/www.neoglis.it\/en\/resi\/","name":"Resi - Neoglis","isPartOf":{"@id":"https:\/\/www.neoglis.it\/#website"},"datePublished":"2021-07-24T15:58:01+00:00","dateModified":"2021-07-24T15:58:01+00:00","breadcrumb":{"@id":"https:\/\/www.neoglis.it\/en\/resi\/#breadcrumb"},"inLanguage":"en-US","potentialAction":[{"@type":"ReadAction","target":["https:\/\/www.neoglis.it\/en\/resi\/"]}]},{"@type":"BreadcrumbList","@id":"https:\/\/www.neoglis.it\/en\/resi\/#breadcrumb","itemListElement":[{"@type":"ListItem","position":1,"name":"Home","item":"https:\/\/www.neoglis.it\/"},{"@type":"ListItem","position":2,"name":"Resi"}]}]}},"_links":{"self":[{"href":"https:\/\/www.neoglis.it\/en\/wp-json\/wp\/v2\/pages\/4496","targetHints":{"allow":["GET"]}}],"collection":[{"href":"https:\/\/www.neoglis.it\/en\/wp-json\/wp\/v2\/pages"}],"about":[{"href":"https:\/\/www.neoglis.it\/en\/wp-json\/wp\/v2\/types\/page"}],"author":[{"embeddable":true,"href":"https:\/\/www.neoglis.it\/en\/wp-json\/wp\/v2\/users\/3"}],"replies":[{"embeddable":true,"href":"https:\/\/www.neoglis.it\/en\/wp-json\/wp\/v2\/comments?post=4496"}],"version-history":[{"count":1,"href":"https:\/\/www.neoglis.it\/en\/wp-json\/wp\/v2\/pages\/4496\/revisions"}],"predecessor-version":[{"id":4497,"href":"https:\/\/www.neoglis.it\/en\/wp-json\/wp\/v2\/pages\/4496\/revisions\/4497"}],"wp:attachment":[{"href":"https:\/\/www.neoglis.it\/en\/wp-json\/wp\/v2\/media?parent=4496"}],"curies":[{"name":"wp","href":"https:\/\/api.w.org\/{rel}","templated":true}]}}