{"id":15448,"date":"2023-05-02T14:01:33","date_gmt":"2023-05-02T14:01:33","guid":{"rendered":"https:\/\/www.neoglis.it\/?post_type=product&#038;p=15448"},"modified":"2025-09-24T14:04:38","modified_gmt":"2025-09-24T14:04:38","slug":"glicolic-renewal","status":"publish","type":"product","link":"https:\/\/www.neoglis.it\/en\/prodotto\/glicolic-renewal\/","title":{"rendered":"Glicolic Renewal"},"content":{"rendered":"<p><\/p>\n<div class=\"page\" title=\"Page 2\">\n<div class=\"layoutArea\">\n<div class=\"column\">\n<p>Glycolic renewal e\u0300 una crema che favorisce il rinnovamento cellulare e aiuta a levigare la pelle: ha un&#8217;azione esfoliante efficace e leggera contrasta le imperfezioni cutanee dovute a foto-invecchiamento favorisce la rimozione di cellule morte stimola la produzione di collagene.<\/p>\n<\/div>\n<\/div>\n<\/div>\n<p>Confezione: 200 ml<br \/>\nCodice prodotto: DC14<\/p>\n<p><img loading=\"lazy\" decoding=\"async\" class=\"alignnone wp-image-15051\" src=\"https:\/\/www.neoglis.it\/wp-content\/uploads\/2022\/03\/Schermata-2022-04-06-alle-17.40.27.png\" alt=\"\" width=\"191\" height=\"61\" srcset=\"https:\/\/www.neoglis.it\/wp-content\/uploads\/2022\/03\/Schermata-2022-04-06-alle-17.40.27.png 809w, https:\/\/www.neoglis.it\/wp-content\/uploads\/2022\/03\/Schermata-2022-04-06-alle-17.40.27-300x96.png 300w, https:\/\/www.neoglis.it\/wp-content\/uploads\/2022\/03\/Schermata-2022-04-06-alle-17.40.27-768x246.png 768w, https:\/\/www.neoglis.it\/wp-content\/uploads\/2022\/03\/Schermata-2022-04-06-alle-17.40.27-600x192.png 600w\" sizes=\"auto, (max-width: 191px) 100vw, 191px\" \/><\/p>\n<div class=\"item\"><span style=\"color: #333333;\"><strong><div class=\"mkdf-separator-holder clearfix  mkdf-separator-center mkdf-separator-full-width\">\n\t<div class=\"mkdf-separator\" style=\"border-color: #ba4e22;border-style: solid\"><\/div>\n<\/div>\n<\/strong><\/span><\/div>\n<div class=\"page\" title=\"Page 2\">\n<div class=\"layoutArea\">\n<div class=\"column\">\n<p><span style=\"color: #ba4e22;\"><strong>ACIDO GLICOLICO<\/strong><\/span><\/p>\n<p>L\u2019Acido Glicolico e\u0300 un alpha-idrossiacido molto efficace per regolare e riattivare i processi di sintesi cellulare, possiede un\u2019alta tollerabilita\u0300 cutanea e una ridotta dimensione molecolare che gli consente una capacita\u0300 di penetrazione transdermica ottimale e un\u2019azione piu\u0300 veloce. La sua attivita\u0300 favorisce l\u2019esfoliazione degli strati superficiali dello strato corneo, mediante l\u2019alterazione dei legami proteici tra corneociti desquamati, che quindi si distaccano lasciando la pelle liscia e ben levigata.<br \/>\nPromuove la rigenerazione cellulare e la sintesi dei GAGs. Incrementa il livello d\u2019idratazione e rinforza la naturale barriera funzionale. La formulazione e\u0300 stata arricchita con sostanze idratanti e sostanze che ne migliorano la tollerabilita\u0300 cutanea nel trattamento esfoliante\/levigante.<\/p>\n<p><span style=\"color: #ba4e22;\"><strong>SODIUM HYALURONATE E HYDROLYZED SODIUM HYALURONATE<\/strong><\/span><\/p>\n<div class=\"page\" title=\"Page 2\">\n<div class=\"layoutArea\">\n<div class=\"column\">\n<p>Due acidi ialuronici rispettivamente di alto e basso peso molecolare, che conferiscono idratazione all\u2019intero spessore cutaneo.<\/p>\n<p><span style=\"color: #ba4e22;\"><strong>4-T-BUTYLCYCLOHEXANOL<\/strong><\/span><br \/>\nMolecola specifica che ha la funzione di migliorare la tollerabilit\u00e0 cutanea della pelle se a contatto con sostanze irritanti; \u00e8 stata studiata per lenire il pizzicore e minimizzare reazioni di ipersensibilit\u00e0. Come mostrato in uno studio clinico eseguito su 20 soggetti, la sostanza ha un impatto significativo sul pizzicorio e sul rossore.<\/p>\n<div class=\"page\" title=\"Page 2\">\n<div class=\"layoutArea\">\n<div class=\"column\">\n<p><span style=\"color: #ba4e22;\"><strong>ESTRATTO DI CHONDRUS CRISPUS<\/strong><\/span><br \/>\nalghe rosse note per la loro capacit\u00e0 di formare una &#8220;seconda pelle&#8221;, fungono da pellicola istantanea fornendo idratazione e una percezione gradevole. Aiutano altre sostanze attive a penetrare nella pelle.<\/p>\n<div class=\"page\" title=\"Page 2\">\n<div class=\"layoutArea\">\n<div class=\"column\">\n<p>&nbsp;<\/p>\n<\/div>\n<\/div>\n<\/div>\n<\/div>\n<\/div>\n<\/div>\n<\/div>\n<\/div>\n<\/div>\n<\/div>\n<\/div>\n<\/div>\n<p><span style=\"color: #333333;\"><strong><div class=\"mkdf-separator-holder clearfix  mkdf-separator-center mkdf-separator-full-width\">\n\t<div class=\"mkdf-separator\" style=\"border-color: #ba4e22;border-style: solid\"><\/div>\n<\/div>\n<\/strong><\/span><\/p>\n<p><span style=\"color: #ba4e22;\"><strong>MODALIT\u00c0 D&#8217;USO<\/strong><\/span><\/p>\n<p class=\"p1\"><span class=\"s1\">Applicare il prodotto, una volta a settimana sulla zona interessata (viso e\/o corpo), massaggiando delicatamente per alcuni minuti per favorire l\u2019azione esfoliante. Rimuovere il prodotto con acqua tiepida. <\/span><\/p>\n<p><span style=\"color: #333333;\"><strong><div class=\"mkdf-separator-holder clearfix  mkdf-separator-center mkdf-separator-full-width\">\n\t<div class=\"mkdf-separator\" style=\"border-color: #ba4e22;border-style: solid\"><\/div>\n<\/div>\n<\/strong><\/span><\/p>\n<p>&nbsp;<\/p>","protected":false},"excerpt":{"rendered":"<p>Scrub viso corpo levigante<\/p>\n","protected":false},"featured_media":15450,"comment_status":"open","ping_status":"closed","template":"","meta":[],"product_brand":[],"product_cat":[70,67,120],"product_tag":[],"class_list":{"0":"post-15448","1":"product","2":"type-product","3":"status-publish","4":"has-post-thumbnail","6":"product_cat-corpo-ng","7":"product_cat-linea-domiciliare-corpo-dct","8":"product_cat-prodotti-corpo","9":"fb_product_set-linea-cellulite-ng","11":"first","12":"instock","13":"taxable","14":"shipping-taxable","15":"purchasable","16":"product-type-simple"},"yoast_head":"<!-- This site is optimized with the Yoast SEO plugin v16.9 - https:\/\/yoast.com\/wordpress\/plugins\/seo\/ -->\n<title>Glicolic Renewal - Neoglis<\/title>\n<meta name=\"description\" content=\"(Italiano) Glycolic renewal e\u0300 una crema che favorisce il rinnovamento cellulare e aiuta a levigare la pelle: ha un&#039;azione esfoliante efficace e leggera contrasta le imperfezioni cutanee dovute a foto-invecchiamento favorisce la rimozione di cellule morte stimola la produzione di collagene.\" \/>\n<meta name=\"robots\" content=\"index, follow, max-snippet:-1, max-image-preview:large, max-video-preview:-1\" \/>\n<link rel=\"canonical\" href=\"https:\/\/www.neoglis.it\/prodotto\/glicolic-renewal\/\" \/>\n<meta property=\"og:locale\" content=\"en_US\" \/>\n<meta property=\"og:type\" content=\"article\" \/>\n<meta property=\"og:title\" content=\"Glicolic Renewal - Neoglis\" \/>\n<meta property=\"og:description\" content=\"{:it}Glycolic renewal e\u0300 una crema che favorisce il rinnovamento cellulare e aiuta a levigare la pelle: ha un&#039;azione esfoliante efficace e leggera contrasta le imperfezioni cutanee dovute a foto-invecchiamento favorisce la rimozione di cellule morte stimola la produzione di collagene.{:}\" \/>\n<meta property=\"og:url\" content=\"https:\/\/www.neoglis.it\/prodotto\/glicolic-renewal\/\" \/>\n<meta property=\"og:site_name\" content=\"Neoglis\" \/>\n<meta property=\"article:modified_time\" content=\"2025-09-24T14:04:38+00:00\" \/>\n<meta property=\"og:image\" content=\"https:\/\/www.neoglis.it\/wp-content\/uploads\/2023\/05\/GlicolicRenewal.jpg\" \/>\n\t<meta property=\"og:image:width\" content=\"1000\" \/>\n\t<meta property=\"og:image:height\" content=\"1000\" \/>\n<meta name=\"twitter:card\" content=\"summary_large_image\" \/>\n<meta name=\"twitter:label1\" content=\"Est. reading time\" \/>\n\t<meta name=\"twitter:data1\" content=\"2 minutes\" \/>\n<script type=\"application\/ld+json\" class=\"yoast-schema-graph\">{\"@context\":\"https:\/\/schema.org\",\"@graph\":[{\"@type\":\"WebSite\",\"@id\":\"https:\/\/www.neoglis.it\/#website\",\"url\":\"https:\/\/www.neoglis.it\/\",\"name\":\"Neoglis New\",\"description\":\"I dermoceutici\",\"potentialAction\":[{\"@type\":\"SearchAction\",\"target\":{\"@type\":\"EntryPoint\",\"urlTemplate\":\"https:\/\/www.neoglis.it\/?s={search_term_string}\"},\"query-input\":\"required name=search_term_string\"}],\"inLanguage\":\"en-US\"},{\"@type\":\"ImageObject\",\"@id\":\"https:\/\/www.neoglis.it\/prodotto\/glicolic-renewal\/#primaryimage\",\"inLanguage\":\"en-US\",\"url\":\"https:\/\/www.neoglis.it\/wp-content\/uploads\/2023\/05\/GlicolicRenewal.jpg\",\"contentUrl\":\"https:\/\/www.neoglis.it\/wp-content\/uploads\/2023\/05\/GlicolicRenewal.jpg\",\"width\":1000,\"height\":1000},{\"@type\":\"WebPage\",\"@id\":\"https:\/\/www.neoglis.it\/prodotto\/glicolic-renewal\/#webpage\",\"url\":\"https:\/\/www.neoglis.it\/prodotto\/glicolic-renewal\/\",\"name\":\"Glicolic Renewal - Neoglis\",\"isPartOf\":{\"@id\":\"https:\/\/www.neoglis.it\/#website\"},\"primaryImageOfPage\":{\"@id\":\"https:\/\/www.neoglis.it\/prodotto\/glicolic-renewal\/#primaryimage\"},\"datePublished\":\"2023-05-02T14:01:33+00:00\",\"dateModified\":\"2025-09-24T14:04:38+00:00\",\"description\":\"{:it}Glycolic renewal e\\u0300 una crema che favorisce il rinnovamento cellulare e aiuta a levigare la pelle: ha un'azione esfoliante efficace e leggera contrasta le imperfezioni cutanee dovute a foto-invecchiamento favorisce la rimozione di cellule morte stimola la produzione di collagene.{:}\",\"breadcrumb\":{\"@id\":\"https:\/\/www.neoglis.it\/prodotto\/glicolic-renewal\/#breadcrumb\"},\"inLanguage\":\"en-US\",\"potentialAction\":[{\"@type\":\"ReadAction\",\"target\":[\"https:\/\/www.neoglis.it\/prodotto\/glicolic-renewal\/\"]}]},{\"@type\":\"BreadcrumbList\",\"@id\":\"https:\/\/www.neoglis.it\/prodotto\/glicolic-renewal\/#breadcrumb\",\"itemListElement\":[{\"@type\":\"ListItem\",\"position\":1,\"name\":\"Home\",\"item\":\"https:\/\/www.neoglis.it\/\"},{\"@type\":\"ListItem\",\"position\":2,\"name\":\"Shop online\",\"item\":\"https:\/\/www.neoglis.it\/shop-online\/\"},{\"@type\":\"ListItem\",\"position\":3,\"name\":\"Glicolic Renewal\"}]}]}<\/script>\n<!-- \/ Yoast SEO plugin. -->","yoast_head_json":{"title":"Glicolic Renewal - Neoglis","description":"(Italiano) Glycolic renewal e\u0300 una crema che favorisce il rinnovamento cellulare e aiuta a levigare la pelle: ha un'azione esfoliante efficace e leggera contrasta le imperfezioni cutanee dovute a foto-invecchiamento favorisce la rimozione di cellule morte stimola la produzione di collagene.","robots":{"index":"index","follow":"follow","max-snippet":"max-snippet:-1","max-image-preview":"max-image-preview:large","max-video-preview":"max-video-preview:-1"},"canonical":"https:\/\/www.neoglis.it\/prodotto\/glicolic-renewal\/","og_locale":"en_US","og_type":"article","og_title":"Glicolic Renewal - Neoglis","og_description":"{:it}Glycolic renewal e\u0300 una crema che favorisce il rinnovamento cellulare e aiuta a levigare la pelle: ha un'azione esfoliante efficace e leggera contrasta le imperfezioni cutanee dovute a foto-invecchiamento favorisce la rimozione di cellule morte stimola la produzione di collagene.{:}","og_url":"https:\/\/www.neoglis.it\/prodotto\/glicolic-renewal\/","og_site_name":"Neoglis","article_modified_time":"2025-09-24T14:04:38+00:00","og_image":[{"width":1000,"height":1000,"url":"https:\/\/www.neoglis.it\/wp-content\/uploads\/2023\/05\/GlicolicRenewal.jpg","path":"\/var\/www\/vhosts\/neoglis.it\/httpdocs\/wp-content\/uploads\/2023\/05\/GlicolicRenewal.jpg","size":"full","id":15450,"alt":"","pixels":1000000,"type":"image\/jpeg"}],"twitter_card":"summary_large_image","twitter_misc":{"Est. reading time":"2 minutes"},"schema":{"@context":"https:\/\/schema.org","@graph":[{"@type":"WebSite","@id":"https:\/\/www.neoglis.it\/#website","url":"https:\/\/www.neoglis.it\/","name":"Neoglis New","description":"I dermoceutici","potentialAction":[{"@type":"SearchAction","target":{"@type":"EntryPoint","urlTemplate":"https:\/\/www.neoglis.it\/?s={search_term_string}"},"query-input":"required name=search_term_string"}],"inLanguage":"en-US"},{"@type":"ImageObject","@id":"https:\/\/www.neoglis.it\/prodotto\/glicolic-renewal\/#primaryimage","inLanguage":"en-US","url":"https:\/\/www.neoglis.it\/wp-content\/uploads\/2023\/05\/GlicolicRenewal.jpg","contentUrl":"https:\/\/www.neoglis.it\/wp-content\/uploads\/2023\/05\/GlicolicRenewal.jpg","width":1000,"height":1000},{"@type":"WebPage","@id":"https:\/\/www.neoglis.it\/prodotto\/glicolic-renewal\/#webpage","url":"https:\/\/www.neoglis.it\/prodotto\/glicolic-renewal\/","name":"Glicolic Renewal - Neoglis","isPartOf":{"@id":"https:\/\/www.neoglis.it\/#website"},"primaryImageOfPage":{"@id":"https:\/\/www.neoglis.it\/prodotto\/glicolic-renewal\/#primaryimage"},"datePublished":"2023-05-02T14:01:33+00:00","dateModified":"2025-09-24T14:04:38+00:00","description":"{:it}Glycolic renewal e\u0300 una crema che favorisce il rinnovamento cellulare e aiuta a levigare la pelle: ha un'azione esfoliante efficace e leggera contrasta le imperfezioni cutanee dovute a foto-invecchiamento favorisce la rimozione di cellule morte stimola la produzione di collagene.{:}","breadcrumb":{"@id":"https:\/\/www.neoglis.it\/prodotto\/glicolic-renewal\/#breadcrumb"},"inLanguage":"en-US","potentialAction":[{"@type":"ReadAction","target":["https:\/\/www.neoglis.it\/prodotto\/glicolic-renewal\/"]}]},{"@type":"BreadcrumbList","@id":"https:\/\/www.neoglis.it\/prodotto\/glicolic-renewal\/#breadcrumb","itemListElement":[{"@type":"ListItem","position":1,"name":"Home","item":"https:\/\/www.neoglis.it\/"},{"@type":"ListItem","position":2,"name":"Shop online","item":"https:\/\/www.neoglis.it\/shop-online\/"},{"@type":"ListItem","position":3,"name":"Glicolic Renewal"}]}]}},"_links":{"self":[{"href":"https:\/\/www.neoglis.it\/en\/wp-json\/wp\/v2\/product\/15448","targetHints":{"allow":["GET"]}}],"collection":[{"href":"https:\/\/www.neoglis.it\/en\/wp-json\/wp\/v2\/product"}],"about":[{"href":"https:\/\/www.neoglis.it\/en\/wp-json\/wp\/v2\/types\/product"}],"replies":[{"embeddable":true,"href":"https:\/\/www.neoglis.it\/en\/wp-json\/wp\/v2\/comments?post=15448"}],"wp:featuredmedia":[{"embeddable":true,"href":"https:\/\/www.neoglis.it\/en\/wp-json\/wp\/v2\/media\/15450"}],"wp:attachment":[{"href":"https:\/\/www.neoglis.it\/en\/wp-json\/wp\/v2\/media?parent=15448"}],"wp:term":[{"taxonomy":"product_brand","embeddable":true,"href":"https:\/\/www.neoglis.it\/en\/wp-json\/wp\/v2\/product_brand?post=15448"},{"taxonomy":"product_cat","embeddable":true,"href":"https:\/\/www.neoglis.it\/en\/wp-json\/wp\/v2\/product_cat?post=15448"},{"taxonomy":"product_tag","embeddable":true,"href":"https:\/\/www.neoglis.it\/en\/wp-json\/wp\/v2\/product_tag?post=15448"}],"curies":[{"name":"wp","href":"https:\/\/api.w.org\/{rel}","templated":true}]}}