{"id":16355,"date":"2026-04-22T09:01:16","date_gmt":"2026-04-22T09:01:16","guid":{"rendered":"https:\/\/www.neoglis.it\/?post_type=product&#038;p=16355"},"modified":"2026-04-22T09:08:21","modified_gmt":"2026-04-22T09:08:21","slug":"reishi-anti-oxid","status":"publish","type":"product","link":"https:\/\/www.neoglis.it\/en\/prodotto\/reishi-anti-oxid\/","title":{"rendered":"Reishi Anti-Oxid"},"content":{"rendered":"<p>Crema dalla texture leggera ricchissima di principi attivi quali: Acqua di Reishi, Dmae, Q10, Resveratrolo, Vitamina E, fattori idratanti, Acido Ialuronico, Vitamina C, Zinco, Acido Lipoico. Coadiuvante nel trattamento cosmetico delle pelli mature, con tendenza a rughe, ipotonie, secchezze. Combatte lo stress ossidativo responsabile principale dell&#8217;invecchiamento. Contribuisce a ristabilire l&#8217;equilibrio del giusto grado d&#8217;idratazione e lipidi, rallentando l&#8217;azione del radicali liberi attraverso gli antiossidanti e ritardando la comparsa dei segni dell&#8217;invecchiamento.<\/p>\n<p>Content pack: 50 ml<br \/>\nProduct code: D35<\/p>\n<div class=\"item\">\n<div class=\"item\"><span style=\"color: #333333;\"><strong><div class=\"mkdf-separator-holder clearfix  mkdf-separator-center mkdf-separator-full-width\">\n\t<div class=\"mkdf-separator\" style=\"border-color: #6d2463;border-style: solid\"><\/div>\n<\/div>\n<\/strong><\/span><\/div>\n<p><span style=\"color: #6d2463;\"><strong>USE<\/strong><\/span><\/p>\n<\/div>\n<p>Applicare mattina e sera sulla pelle del viso deterso, contorno occhi, collo e decolt\u00e8 detersi con leggero massaggio fino ad assorbimento. Non unge e pu\u00f2 costituire un&#8217;ottima base per il trucco. Nei casi d&#8217;ipersensibilit\u00e0, sospenderne l&#8217;uso<\/p>\n<p>&nbsp;<\/p>","protected":false},"excerpt":{"rendered":"<p>Crema viso antiossidante 24H<\/p>\n","protected":false},"featured_media":16356,"comment_status":"open","ping_status":"closed","template":"","meta":[],"product_brand":[],"product_cat":[162,66,115],"product_tag":[],"class_list":{"0":"post-16355","1":"product","2":"type-product","3":"status-publish","4":"has-post-thumbnail","6":"product_cat-domiciliare-viso","7":"product_cat-linea-domiciliare-viso-dct","8":"product_cat-linea-specifica","10":"first","11":"instock","12":"taxable","13":"shipping-taxable","14":"purchasable","15":"product-type-simple"},"yoast_head":"<!-- This site is optimized with the Yoast SEO plugin v16.9 - https:\/\/yoast.com\/wordpress\/plugins\/seo\/ -->\n<title>Reishi Anti-Oxid - Neoglis<\/title>\n<meta name=\"robots\" content=\"index, follow, max-snippet:-1, max-image-preview:large, max-video-preview:-1\" \/>\n<link rel=\"canonical\" href=\"https:\/\/www.neoglis.it\/prodotto\/reishi-anti-oxid\/\" \/>\n<meta property=\"og:locale\" content=\"en_US\" \/>\n<meta property=\"og:type\" content=\"article\" \/>\n<meta property=\"og:title\" content=\"Reishi Anti-Oxid - Neoglis\" \/>\n<meta property=\"og:description\" content=\"Crema viso antiossidante 24H\" \/>\n<meta property=\"og:url\" content=\"https:\/\/www.neoglis.it\/prodotto\/reishi-anti-oxid\/\" \/>\n<meta property=\"og:site_name\" content=\"Neoglis\" \/>\n<meta property=\"article:modified_time\" content=\"2026-04-22T09:08:21+00:00\" \/>\n<meta property=\"og:image\" content=\"https:\/\/www.neoglis.it\/wp-content\/uploads\/2026\/04\/Reishi-antioxid-web.jpg\" \/>\n\t<meta property=\"og:image:width\" content=\"1000\" \/>\n\t<meta property=\"og:image:height\" content=\"1000\" \/>\n<meta name=\"twitter:card\" content=\"summary_large_image\" \/>\n<meta name=\"twitter:label1\" content=\"Est. reading time\" \/>\n\t<meta name=\"twitter:data1\" content=\"2 minutes\" \/>\n<script type=\"application\/ld+json\" class=\"yoast-schema-graph\">{\"@context\":\"https:\/\/schema.org\",\"@graph\":[{\"@type\":\"WebSite\",\"@id\":\"https:\/\/www.neoglis.it\/#website\",\"url\":\"https:\/\/www.neoglis.it\/\",\"name\":\"Neoglis New\",\"description\":\"I dermoceutici\",\"potentialAction\":[{\"@type\":\"SearchAction\",\"target\":{\"@type\":\"EntryPoint\",\"urlTemplate\":\"https:\/\/www.neoglis.it\/?s={search_term_string}\"},\"query-input\":\"required name=search_term_string\"}],\"inLanguage\":\"en-US\"},{\"@type\":\"ImageObject\",\"@id\":\"https:\/\/www.neoglis.it\/prodotto\/reishi-anti-oxid\/#primaryimage\",\"inLanguage\":\"en-US\",\"url\":\"https:\/\/www.neoglis.it\/wp-content\/uploads\/2026\/04\/Reishi-antioxid-web.jpg\",\"contentUrl\":\"https:\/\/www.neoglis.it\/wp-content\/uploads\/2026\/04\/Reishi-antioxid-web.jpg\",\"width\":1000,\"height\":1000},{\"@type\":\"WebPage\",\"@id\":\"https:\/\/www.neoglis.it\/prodotto\/reishi-anti-oxid\/#webpage\",\"url\":\"https:\/\/www.neoglis.it\/prodotto\/reishi-anti-oxid\/\",\"name\":\"Reishi Anti-Oxid - Neoglis\",\"isPartOf\":{\"@id\":\"https:\/\/www.neoglis.it\/#website\"},\"primaryImageOfPage\":{\"@id\":\"https:\/\/www.neoglis.it\/prodotto\/reishi-anti-oxid\/#primaryimage\"},\"datePublished\":\"2026-04-22T09:01:16+00:00\",\"dateModified\":\"2026-04-22T09:08:21+00:00\",\"breadcrumb\":{\"@id\":\"https:\/\/www.neoglis.it\/prodotto\/reishi-anti-oxid\/#breadcrumb\"},\"inLanguage\":\"en-US\",\"potentialAction\":[{\"@type\":\"ReadAction\",\"target\":[\"https:\/\/www.neoglis.it\/prodotto\/reishi-anti-oxid\/\"]}]},{\"@type\":\"BreadcrumbList\",\"@id\":\"https:\/\/www.neoglis.it\/prodotto\/reishi-anti-oxid\/#breadcrumb\",\"itemListElement\":[{\"@type\":\"ListItem\",\"position\":1,\"name\":\"Home\",\"item\":\"https:\/\/www.neoglis.it\/\"},{\"@type\":\"ListItem\",\"position\":2,\"name\":\"Shop online\",\"item\":\"https:\/\/www.neoglis.it\/shop-online\/\"},{\"@type\":\"ListItem\",\"position\":3,\"name\":\"Reishi Anti-Oxid\"}]}]}<\/script>\n<!-- \/ Yoast SEO plugin. -->","yoast_head_json":{"title":"Reishi Anti-Oxid - Neoglis","robots":{"index":"index","follow":"follow","max-snippet":"max-snippet:-1","max-image-preview":"max-image-preview:large","max-video-preview":"max-video-preview:-1"},"canonical":"https:\/\/www.neoglis.it\/prodotto\/reishi-anti-oxid\/","og_locale":"en_US","og_type":"article","og_title":"Reishi Anti-Oxid - Neoglis","og_description":"Crema viso antiossidante 24H","og_url":"https:\/\/www.neoglis.it\/prodotto\/reishi-anti-oxid\/","og_site_name":"Neoglis","article_modified_time":"2026-04-22T09:08:21+00:00","og_image":[{"width":1000,"height":1000,"filesize":66983,"url":"https:\/\/www.neoglis.it\/wp-content\/uploads\/2026\/04\/Reishi-antioxid-web.jpg","path":"\/var\/www\/vhosts\/neoglis.it\/httpdocs\/wp-content\/uploads\/2026\/04\/Reishi-antioxid-web.jpg","size":"full","id":16356,"alt":"","pixels":1000000,"type":"image\/jpeg"}],"twitter_card":"summary_large_image","twitter_misc":{"Est. reading time":"2 minutes"},"schema":{"@context":"https:\/\/schema.org","@graph":[{"@type":"WebSite","@id":"https:\/\/www.neoglis.it\/#website","url":"https:\/\/www.neoglis.it\/","name":"Neoglis New","description":"I dermoceutici","potentialAction":[{"@type":"SearchAction","target":{"@type":"EntryPoint","urlTemplate":"https:\/\/www.neoglis.it\/?s={search_term_string}"},"query-input":"required name=search_term_string"}],"inLanguage":"en-US"},{"@type":"ImageObject","@id":"https:\/\/www.neoglis.it\/prodotto\/reishi-anti-oxid\/#primaryimage","inLanguage":"en-US","url":"https:\/\/www.neoglis.it\/wp-content\/uploads\/2026\/04\/Reishi-antioxid-web.jpg","contentUrl":"https:\/\/www.neoglis.it\/wp-content\/uploads\/2026\/04\/Reishi-antioxid-web.jpg","width":1000,"height":1000},{"@type":"WebPage","@id":"https:\/\/www.neoglis.it\/prodotto\/reishi-anti-oxid\/#webpage","url":"https:\/\/www.neoglis.it\/prodotto\/reishi-anti-oxid\/","name":"Reishi Anti-Oxid - Neoglis","isPartOf":{"@id":"https:\/\/www.neoglis.it\/#website"},"primaryImageOfPage":{"@id":"https:\/\/www.neoglis.it\/prodotto\/reishi-anti-oxid\/#primaryimage"},"datePublished":"2026-04-22T09:01:16+00:00","dateModified":"2026-04-22T09:08:21+00:00","breadcrumb":{"@id":"https:\/\/www.neoglis.it\/prodotto\/reishi-anti-oxid\/#breadcrumb"},"inLanguage":"en-US","potentialAction":[{"@type":"ReadAction","target":["https:\/\/www.neoglis.it\/prodotto\/reishi-anti-oxid\/"]}]},{"@type":"BreadcrumbList","@id":"https:\/\/www.neoglis.it\/prodotto\/reishi-anti-oxid\/#breadcrumb","itemListElement":[{"@type":"ListItem","position":1,"name":"Home","item":"https:\/\/www.neoglis.it\/"},{"@type":"ListItem","position":2,"name":"Shop online","item":"https:\/\/www.neoglis.it\/shop-online\/"},{"@type":"ListItem","position":3,"name":"Reishi Anti-Oxid"}]}]}},"_links":{"self":[{"href":"https:\/\/www.neoglis.it\/en\/wp-json\/wp\/v2\/product\/16355","targetHints":{"allow":["GET"]}}],"collection":[{"href":"https:\/\/www.neoglis.it\/en\/wp-json\/wp\/v2\/product"}],"about":[{"href":"https:\/\/www.neoglis.it\/en\/wp-json\/wp\/v2\/types\/product"}],"replies":[{"embeddable":true,"href":"https:\/\/www.neoglis.it\/en\/wp-json\/wp\/v2\/comments?post=16355"}],"wp:featuredmedia":[{"embeddable":true,"href":"https:\/\/www.neoglis.it\/en\/wp-json\/wp\/v2\/media\/16356"}],"wp:attachment":[{"href":"https:\/\/www.neoglis.it\/en\/wp-json\/wp\/v2\/media?parent=16355"}],"wp:term":[{"taxonomy":"product_brand","embeddable":true,"href":"https:\/\/www.neoglis.it\/en\/wp-json\/wp\/v2\/product_brand?post=16355"},{"taxonomy":"product_cat","embeddable":true,"href":"https:\/\/www.neoglis.it\/en\/wp-json\/wp\/v2\/product_cat?post=16355"},{"taxonomy":"product_tag","embeddable":true,"href":"https:\/\/www.neoglis.it\/en\/wp-json\/wp\/v2\/product_tag?post=16355"}],"curies":[{"name":"wp","href":"https:\/\/api.w.org\/{rel}","templated":true}]}}